{"id":1,"date":"2024-08-15T06:53:01","date_gmt":"2024-08-15T06:53:01","guid":{"rendered":"https:\/\/kfa2.com\/?page_id=1"},"modified":"2025-10-27T00:59:39","modified_gmt":"2025-10-26T16:59:39","slug":"uber","status":"publish","type":"page","link":"https:\/\/kfa2.com\/de\/about\/","title":{"rendered":"\u00dcber KFA2"},"content":{"rendered":"<div data-elementor-type=\"wp-page\" data-elementor-id=\"1\" class=\"elementor elementor-1\" data-elementor-post-type=\"page\">\n\t\t\t\t<div class=\"elementor-element elementor-element-dcff137 e-con-full light-background e-flex e-con e-parent\" data-id=\"dcff137\" data-element_type=\"container\" data-e-type=\"container\">\n\t\t\t\t<div class=\"elementor-element elementor-element-3dbbe5a elementor-widget__width-inherit dce_masking-none elementor-widget elementor-widget-image\" data-id=\"3dbbe5a\" data-element_type=\"widget\" data-e-type=\"widget\" data-widget_type=\"image.default\">\n\t\t\t\t\t\t\t\t\t\t\t\t\t\t\t<img fetchpriority=\"high\" decoding=\"async\" width=\"800\" height=\"377\" src=\"https:\/\/kfa2.com\/wp-content\/uploads\/2025\/07\/DoorBanner_B01-1-aboutus-2-1024x482.jpg\" class=\"attachment-large size-large wp-image-20896\" alt=\"\" srcset=\"https:\/\/kfa2.com\/wp-content\/uploads\/2025\/07\/DoorBanner_B01-1-aboutus-2-1024x482.jpg 1024w, https:\/\/kfa2.com\/wp-content\/uploads\/2025\/07\/DoorBanner_B01-1-aboutus-2-500x235.jpg 500w, https:\/\/kfa2.com\/wp-content\/uploads\/2025\/07\/DoorBanner_B01-1-aboutus-2-768x362.jpg 768w, https:\/\/kfa2.com\/wp-content\/uploads\/2025\/07\/DoorBanner_B01-1-aboutus-2-1536x723.jpg 1536w, https:\/\/kfa2.com\/wp-content\/uploads\/2025\/07\/DoorBanner_B01-1-aboutus-2-2048x964.jpg 2048w, https:\/\/kfa2.com\/wp-content\/uploads\/2025\/07\/DoorBanner_B01-1-aboutus-2-18x8.jpg 18w, https:\/\/kfa2.com\/wp-content\/uploads\/2025\/07\/DoorBanner_B01-1-aboutus-2-600x282.jpg 600w\" sizes=\"(max-width: 800px) 100vw, 800px\" \/>\t\t\t\t\t\t\t\t\t\t\t\t\t\t\t<\/div>\n\t\t\t\t<\/div>\n\t\t<div class=\"elementor-element elementor-element-0b3fce4 e-flex e-con-boxed e-con e-parent\" data-id=\"0b3fce4\" data-element_type=\"container\" data-e-type=\"container\">\n\t\t\t\t\t<div class=\"e-con-inner\">\n\t\t\t\t<div class=\"elementor-element elementor-element-755212b elementor-widget elementor-widget-text-editor\" data-id=\"755212b\" data-element_type=\"widget\" data-e-type=\"widget\" data-widget_type=\"text-editor.default\">\n\t\t\t\t\t\t\t\t\t<h2><strong>\u00dcBER UNS<\/strong><\/h2>\t\t\t\t\t\t\t\t<\/div>\n\t\t\t\t\t<\/div>\n\t\t\t\t<\/div>\n\t\t<div class=\"elementor-element elementor-element-39bab59 e-flex e-con-boxed e-con e-parent\" data-id=\"39bab59\" data-element_type=\"container\" data-e-type=\"container\">\n\t\t\t\t\t<div class=\"e-con-inner\">\n\t\t<div class=\"elementor-element elementor-element-209afdc e-con-full e-flex e-con e-child\" data-id=\"209afdc\" data-element_type=\"container\" data-e-type=\"container\">\n\t\t\t\t<div class=\"elementor-element elementor-element-ed442c4 elementor-widget elementor-widget-text-editor\" data-id=\"ed442c4\" data-element_type=\"widget\" data-e-type=\"widget\" data-widget_type=\"text-editor.default\">\n\t\t\t\t\t\t\t\t\t<p class=\"MsoNormal\">KFA2 wurde 2011 gegr\u00fcndet und hat sich zum Ziel gesetzt, hochmoderne Computerhardware zu liefern, die den Anforderungen eines schnell wachsenden globalen Marktes gerecht wird. Durch die Zusammenarbeit mit seinem talentierten Forschungs- und Entwicklungsteam sowie seinem Designteam hat sich KFA2 einen guten Ruf f\u00fcr die Entwicklung fortschrittlicher Computerhardware-L\u00f6sungen erarbeitet. Das Unternehmen hat sich auf Mid- bis High-End-Grafikkarten spezialisiert, die eine au\u00dfergew\u00f6hnliche Leistung f\u00fcr Content Creators und Entwickler bieten, sowie auf ein umfassendes Angebot an PC-Zubeh\u00f6r wie PC-Geh\u00e4use, AIO CPU-K\u00fchler, Monitore, M\u00e4use und Headsets. Diese Produkte erm\u00f6glichen es Anwendern, modernste KI-Technologie in vollem Umfang zu nutzen und das Spielerlebnis und die Arbeitsabl\u00e4ufe mit unvergleichlicher Leistung und Effizienz zu revolutionieren.<\/p>\t\t\t\t\t\t\t\t<\/div>\n\t\t\t\t<\/div>\n\t\t<div class=\"elementor-element elementor-element-bc7d8b4 e-con-full e-flex e-con e-child\" data-id=\"bc7d8b4\" data-element_type=\"container\" data-e-type=\"container\">\n\t\t\t\t<div class=\"elementor-element elementor-element-b77bf66 dce_masking-none elementor-widget elementor-widget-image\" data-id=\"b77bf66\" data-element_type=\"widget\" data-e-type=\"widget\" data-widget_type=\"image.default\">\n\t\t\t\t\t\t\t\t\t\t\t\t\t\t\t<img decoding=\"async\" width=\"800\" height=\"800\" src=\"https:\/\/kfa2.com\/wp-content\/uploads\/2025\/07\/aboutus-logo.jpg\" class=\"attachment-large size-large wp-image-20924\" alt=\"\" srcset=\"https:\/\/kfa2.com\/wp-content\/uploads\/2025\/07\/aboutus-logo.jpg 1000w, https:\/\/kfa2.com\/wp-content\/uploads\/2025\/07\/aboutus-logo-500x500.jpg 500w, https:\/\/kfa2.com\/wp-content\/uploads\/2025\/07\/aboutus-logo-150x150.jpg 150w, https:\/\/kfa2.com\/wp-content\/uploads\/2025\/07\/aboutus-logo-768x768.jpg 768w, https:\/\/kfa2.com\/wp-content\/uploads\/2025\/07\/aboutus-logo-12x12.jpg 12w, https:\/\/kfa2.com\/wp-content\/uploads\/2025\/07\/aboutus-logo-300x300.jpg 300w, https:\/\/kfa2.com\/wp-content\/uploads\/2025\/07\/aboutus-logo-600x600.jpg 600w, https:\/\/kfa2.com\/wp-content\/uploads\/2025\/07\/aboutus-logo-100x100.jpg 100w\" sizes=\"(max-width: 800px) 100vw, 800px\" \/>\t\t\t\t\t\t\t\t\t\t\t\t\t\t\t<\/div>\n\t\t\t\t<\/div>\n\t\t\t\t\t<\/div>\n\t\t\t\t<\/div>\n\t\t<div class=\"elementor-element elementor-element-e92eb96 e-flex e-con-boxed e-con e-parent\" data-id=\"e92eb96\" data-element_type=\"container\" data-e-type=\"container\">\n\t\t\t\t\t<div class=\"e-con-inner\">\n\t\t\t\t<div class=\"elementor-element elementor-element-9a267a5 dce_masking-none elementor-widget elementor-widget-image\" data-id=\"9a267a5\" data-element_type=\"widget\" data-e-type=\"widget\" data-widget_type=\"image.default\">\n\t\t\t\t\t\t\t\t\t\t\t\t\t\t\t<img decoding=\"async\" width=\"800\" height=\"381\" src=\"https:\/\/kfa2.com\/wp-content\/uploads\/2025\/07\/UKR_4281_2048px-K2-2-1024x488.jpg\" class=\"attachment-large size-large wp-image-20910\" alt=\"\u00fcberus-xt\" srcset=\"https:\/\/kfa2.com\/wp-content\/uploads\/2025\/07\/UKR_4281_2048px-K2-2-1024x488.jpg 1024w, https:\/\/kfa2.com\/wp-content\/uploads\/2025\/07\/UKR_4281_2048px-K2-2-500x238.jpg 500w, https:\/\/kfa2.com\/wp-content\/uploads\/2025\/07\/UKR_4281_2048px-K2-2-768x366.jpg 768w, https:\/\/kfa2.com\/wp-content\/uploads\/2025\/07\/UKR_4281_2048px-K2-2-1536x731.jpg 1536w, https:\/\/kfa2.com\/wp-content\/uploads\/2025\/07\/UKR_4281_2048px-K2-2-18x9.jpg 18w, https:\/\/kfa2.com\/wp-content\/uploads\/2025\/07\/UKR_4281_2048px-K2-2-600x286.jpg 600w, https:\/\/kfa2.com\/wp-content\/uploads\/2025\/07\/UKR_4281_2048px-K2-2.jpg 2048w\" sizes=\"(max-width: 800px) 100vw, 800px\" \/>\t\t\t\t\t\t\t\t\t\t\t\t\t\t\t<\/div>\n\t\t\t\t<div class=\"elementor-element elementor-element-e594531 elementor-widget elementor-widget-text-editor\" data-id=\"e594531\" data-element_type=\"widget\" data-e-type=\"widget\" data-widget_type=\"text-editor.default\">\n\t\t\t\t\t\t\t\t\t<p class=\"MsoNormal\">Angetrieben von dem unerm\u00fcdlichen Bestreben, seinen Kunden die neuesten technologischen Fortschritte zu bieten, hat KFA2 seine Xtreme Tuner App aktualisiert, um drahtlose Multi-GPU-Anpassung \u00fcber mobile Ger\u00e4te zu unterst\u00fctzen. Diese App bietet Echtzeit-GPU-\u00dcberwachung, Fernanpassung der L\u00fcftergeschwindigkeit, Anpassung des ARGB-Effekts und GPU-\u00dcbertaktung durch die exklusive 1-Klick-OC-Funktion - alles bequem vom Smartphone aus.<\/p>\t\t\t\t\t\t\t\t<\/div>\n\t\t\t\t\t<\/div>\n\t\t\t\t<\/div>\n\t\t<div class=\"elementor-element elementor-element-1771fc4 e-flex e-con-boxed e-con e-parent\" data-id=\"1771fc4\" data-element_type=\"container\" data-e-type=\"container\">\n\t\t\t\t\t<div class=\"e-con-inner\">\n\t\t<div class=\"elementor-element elementor-element-f335528 e-con-full e-flex e-con e-child\" data-id=\"f335528\" data-element_type=\"container\" data-e-type=\"container\">\n\t\t\t\t<div class=\"elementor-element elementor-element-9b5e1b2 dce_masking-none elementor-widget elementor-widget-image\" data-id=\"9b5e1b2\" data-element_type=\"widget\" data-e-type=\"widget\" data-widget_type=\"image.default\">\n\t\t\t\t\t\t\t\t\t\t\t\t\t\t\t<img loading=\"lazy\" decoding=\"async\" width=\"800\" height=\"1000\" src=\"https:\/\/kfa2.com\/wp-content\/uploads\/2025\/07\/aboutus-gpu-819x1024.jpg\" class=\"attachment-large size-large wp-image-20897\" alt=\"\" srcset=\"https:\/\/kfa2.com\/wp-content\/uploads\/2025\/07\/aboutus-gpu-819x1024.jpg 819w, https:\/\/kfa2.com\/wp-content\/uploads\/2025\/07\/aboutus-gpu-400x500.jpg 400w, https:\/\/kfa2.com\/wp-content\/uploads\/2025\/07\/aboutus-gpu-768x960.jpg 768w, https:\/\/kfa2.com\/wp-content\/uploads\/2025\/07\/aboutus-gpu-1229x1536.jpg 1229w, https:\/\/kfa2.com\/wp-content\/uploads\/2025\/07\/aboutus-gpu-10x12.jpg 10w, https:\/\/kfa2.com\/wp-content\/uploads\/2025\/07\/aboutus-gpu-600x750.jpg 600w, https:\/\/kfa2.com\/wp-content\/uploads\/2025\/07\/aboutus-gpu.jpg 1400w\" sizes=\"(max-width: 800px) 100vw, 800px\" \/>\t\t\t\t\t\t\t\t\t\t\t\t\t\t\t<\/div>\n\t\t\t\t<\/div>\n\t\t<div class=\"elementor-element elementor-element-4675174 e-con-full e-flex e-con e-child\" data-id=\"4675174\" data-element_type=\"container\" data-e-type=\"container\">\n\t\t<div class=\"elementor-element elementor-element-1e9b5d5 e-con-full e-flex e-con e-child\" data-id=\"1e9b5d5\" data-element_type=\"container\" data-e-type=\"container\">\n\t\t\t\t<div class=\"elementor-element elementor-element-fd69005 dce_masking-none elementor-widget elementor-widget-image\" data-id=\"fd69005\" data-element_type=\"widget\" data-e-type=\"widget\" data-widget_type=\"image.default\">\n\t\t\t\t\t\t\t\t\t\t\t\t\t\t\t<img loading=\"lazy\" decoding=\"async\" width=\"800\" height=\"533\" src=\"https:\/\/kfa2.com\/wp-content\/uploads\/2025\/07\/aboutus-hof-1024x682.jpg\" class=\"attachment-large size-large wp-image-20919\" alt=\"\" srcset=\"https:\/\/kfa2.com\/wp-content\/uploads\/2025\/07\/aboutus-hof-1024x682.jpg 1024w, https:\/\/kfa2.com\/wp-content\/uploads\/2025\/07\/aboutus-hof-500x333.jpg 500w, https:\/\/kfa2.com\/wp-content\/uploads\/2025\/07\/aboutus-hof-768x512.jpg 768w, https:\/\/kfa2.com\/wp-content\/uploads\/2025\/07\/aboutus-hof-1536x1024.jpg 1536w, https:\/\/kfa2.com\/wp-content\/uploads\/2025\/07\/aboutus-hof-18x12.jpg 18w, https:\/\/kfa2.com\/wp-content\/uploads\/2025\/07\/aboutus-hof-600x400.jpg 600w, https:\/\/kfa2.com\/wp-content\/uploads\/2025\/07\/aboutus-hof.jpg 2000w\" sizes=\"(max-width: 800px) 100vw, 800px\" \/>\t\t\t\t\t\t\t\t\t\t\t\t\t\t\t<\/div>\n\t\t\t\t<\/div>\n\t\t<div class=\"elementor-element elementor-element-0c4d5ca e-con-full e-flex e-con e-child\" data-id=\"0c4d5ca\" data-element_type=\"container\" data-e-type=\"container\">\n\t\t\t\t<div class=\"elementor-element elementor-element-db411b3 elementor-widget elementor-widget-text-editor\" data-id=\"db411b3\" data-element_type=\"widget\" data-e-type=\"widget\" data-widget_type=\"text-editor.default\">\n\t\t\t\t\t\t\t\t\t<p>Da KFA2 sein Wachstum mit seinen vertrauensw\u00fcrdigen Partnern und Kunden fortsetzt, entwickelten sich diese Partnerschaften zu seiner von der Kritik gefeierten und kultigen Flaggschiff-Serie \"Hall of Fame\". Die HOF-Serie ist f\u00fcr Overclocking-Enthusiasten und Hardcore-Gamer gedacht. Seit ihrem Deb\u00fct im Jahr 2011 hat die rekordverd\u00e4chtige \"Hall of Fame\"-Serie renommierte Auszeichnungen auf der ganzen Welt erhalten und wurde so zu einer der am meisten empfohlenen und vertrauensw\u00fcrdigen Grafikkartenserien von Gamern und PC-Bau-Enthusiasten.<\/p>\t\t\t\t\t\t\t\t<\/div>\n\t\t\t\t<\/div>\n\t\t\t\t<\/div>\n\t\t\t\t\t<\/div>\n\t\t\t\t<\/div>\n\t\t<div class=\"elementor-element elementor-element-f9980eb e-flex e-con-boxed e-con e-parent\" data-id=\"f9980eb\" data-element_type=\"container\" data-e-type=\"container\">\n\t\t\t\t\t<div class=\"e-con-inner\">\n\t\t<div class=\"elementor-element elementor-element-b44e7ed e-con-full e-flex e-con e-child\" data-id=\"b44e7ed\" data-element_type=\"container\" data-e-type=\"container\">\n\t\t\t\t<div class=\"elementor-element elementor-element-cb6342e dce_masking-none elementor-widget elementor-widget-image\" data-id=\"cb6342e\" data-element_type=\"widget\" data-e-type=\"widget\" data-widget_type=\"image.default\">\n\t\t\t\t\t\t\t\t\t\t\t\t\t\t\t<img loading=\"lazy\" decoding=\"async\" width=\"800\" height=\"534\" src=\"https:\/\/kfa2.com\/wp-content\/uploads\/2025\/07\/UKR_4245_2048px-1024x683.jpg\" class=\"attachment-large size-large wp-image-20920\" alt=\"\" srcset=\"https:\/\/kfa2.com\/wp-content\/uploads\/2025\/07\/UKR_4245_2048px-1024x683.jpg 1024w, https:\/\/kfa2.com\/wp-content\/uploads\/2025\/07\/UKR_4245_2048px-500x333.jpg 500w, https:\/\/kfa2.com\/wp-content\/uploads\/2025\/07\/UKR_4245_2048px-768x512.jpg 768w, https:\/\/kfa2.com\/wp-content\/uploads\/2025\/07\/UKR_4245_2048px-1536x1024.jpg 1536w, https:\/\/kfa2.com\/wp-content\/uploads\/2025\/07\/UKR_4245_2048px-18x12.jpg 18w, https:\/\/kfa2.com\/wp-content\/uploads\/2025\/07\/UKR_4245_2048px-600x400.jpg 600w, https:\/\/kfa2.com\/wp-content\/uploads\/2025\/07\/UKR_4245_2048px.jpg 2048w\" sizes=\"(max-width: 800px) 100vw, 800px\" \/>\t\t\t\t\t\t\t\t\t\t\t\t\t\t\t<\/div>\n\t\t\t\t<\/div>\n\t\t<div class=\"elementor-element elementor-element-af7123c e-con-full e-flex e-con e-child\" data-id=\"af7123c\" data-element_type=\"container\" data-e-type=\"container\">\n\t\t\t\t<div class=\"elementor-element elementor-element-ab8e0b6 elementor-widget elementor-widget-text-editor\" data-id=\"ab8e0b6\" data-element_type=\"widget\" data-e-type=\"widget\" data-widget_type=\"text-editor.default\">\n\t\t\t\t\t\t\t\t\t<p>Mit der Vision, das immersivste Spielerlebnis zu schaffen, erforscht KFA2 zusammen mit Elite-Gamern und Content-Entwicklern weiterhin die unbegrenzten M\u00f6glichkeiten, die sich in der Welt der Spiele und der KI-Technologie bieten, und konzentriert sich darauf, die Branche voranzubringen.<\/p>\t\t\t\t\t\t\t\t<\/div>\n\t\t\t\t<\/div>\n\t\t\t\t\t<\/div>\n\t\t\t\t<\/div>\n\t\t<div class=\"elementor-element elementor-element-4b7c18e e-flex e-con-boxed e-con e-parent\" data-id=\"4b7c18e\" data-element_type=\"container\" data-e-type=\"container\">\n\t\t\t\t\t<div class=\"e-con-inner\">\n\t\t<div class=\"elementor-element elementor-element-cdce8ba e-con-full e-flex e-con e-child\" data-id=\"cdce8ba\" data-element_type=\"container\" data-e-type=\"container\">\n\t\t\t\t<div class=\"elementor-element elementor-element-5cfca4a elementor-widget elementor-widget-text-editor\" data-id=\"5cfca4a\" data-element_type=\"widget\" data-e-type=\"widget\" data-widget_type=\"text-editor.default\">\n\t\t\t\t\t\t\t\t\t<p>Wenn die Bem\u00fchungen von Unternehmen um soziale Verantwortung Teil der Unternehmenskultur werden, nehmen die Mitarbeiter dies zur Kenntnis. Als Unternehmen, dem die Gesellschaft am Herzen liegt, sind wir bestrebt, uns f\u00fcr die Gesellschaft einzusetzen und eine Vorreiterrolle bei der Verbesserung der Welt einzunehmen.<\/p><p>Seit 2017 wurde KFA2 vom Hong Kong Council of Social Service kontinuierlich mit dem Caring Company Logo ausgezeichnet. 2022 wird KFA2 sogar mit dem 5 Years Plus Caring Company Logo f\u00fcr sein kontinuierliches Engagement bei der F\u00f6rderung des gesellschaftlichen Engagements und der Schaffung einer besseren Gemeinschaft ausgezeichnet. Ab 2023 wird KFA2 bereits f\u00fcr 7 aufeinanderfolgende Jahre mit dem Caring Company Certificate ausgezeichnet. Da das Caring Company Scheme (das Schema) darauf abzielt, die Kommunikation zwischen Unternehmen und sozialen Einrichtungen zu st\u00e4rken, wird dies R\u00e4ume f\u00fcr die Zusammenarbeit bei der Entwicklung sektor\u00fcbergreifender Projekte schaffen, die sich auf die Bed\u00fcrfnisse der Gemeinschaft konzentrieren.<\/p>\t\t\t\t\t\t\t\t<\/div>\n\t\t\t\t<\/div>\n\t\t<div class=\"elementor-element elementor-element-7060fa8 e-con-full e-flex e-con e-child\" data-id=\"7060fa8\" data-element_type=\"container\" data-e-type=\"container\">\n\t\t\t\t<div class=\"elementor-element elementor-element-f0e76e5 dce_masking-none elementor-widget elementor-widget-image\" data-id=\"f0e76e5\" data-element_type=\"widget\" data-e-type=\"widget\" data-widget_type=\"image.default\">\n\t\t\t\t\t\t\t\t\t\t\t\t\t\t\t<img loading=\"lazy\" decoding=\"async\" width=\"520\" height=\"261\" src=\"https:\/\/kfa2.com\/wp-content\/uploads\/2025\/10\/caringcompany5plusyears.jpg\" class=\"attachment-large size-large wp-image-22641\" alt=\"\" srcset=\"https:\/\/kfa2.com\/wp-content\/uploads\/2025\/10\/caringcompany5plusyears.jpg 520w, https:\/\/kfa2.com\/wp-content\/uploads\/2025\/10\/caringcompany5plusyears-500x251.jpg 500w, https:\/\/kfa2.com\/wp-content\/uploads\/2025\/10\/caringcompany5plusyears-18x9.jpg 18w\" sizes=\"(max-width: 520px) 100vw, 520px\" \/>\t\t\t\t\t\t\t\t\t\t\t\t\t\t\t<\/div>\n\t\t\t\t<\/div>\n\t\t<div class=\"elementor-element elementor-element-d122473 e-con-full e-flex e-con e-child\" data-id=\"d122473\" data-element_type=\"container\" data-e-type=\"container\">\n\t\t\t\t<div class=\"elementor-element elementor-element-f8a51c9 dce_masking-none elementor-widget elementor-widget-image\" data-id=\"f8a51c9\" data-element_type=\"widget\" data-e-type=\"widget\" data-widget_type=\"image.default\">\n\t\t\t\t\t\t\t\t\t\t\t\t\t\t\t<img loading=\"lazy\" decoding=\"async\" width=\"800\" height=\"584\" src=\"https:\/\/kfa2.com\/wp-content\/uploads\/2025\/10\/GEC_Logo_2020-e1761497800903-1024x748.jpg\" class=\"attachment-large size-large wp-image-22642\" alt=\"\" srcset=\"https:\/\/kfa2.com\/wp-content\/uploads\/2025\/10\/GEC_Logo_2020-e1761497800903-1024x748.jpg 1024w, https:\/\/kfa2.com\/wp-content\/uploads\/2025\/10\/GEC_Logo_2020-e1761497800903-500x365.jpg 500w, https:\/\/kfa2.com\/wp-content\/uploads\/2025\/10\/GEC_Logo_2020-e1761497800903-768x561.jpg 768w, https:\/\/kfa2.com\/wp-content\/uploads\/2025\/10\/GEC_Logo_2020-e1761497800903-1536x1122.jpg 1536w, https:\/\/kfa2.com\/wp-content\/uploads\/2025\/10\/GEC_Logo_2020-e1761497800903-2048x1496.jpg 2048w, https:\/\/kfa2.com\/wp-content\/uploads\/2025\/10\/GEC_Logo_2020-e1761497800903-16x12.jpg 16w, https:\/\/kfa2.com\/wp-content\/uploads\/2025\/10\/GEC_Logo_2020-e1761497800903-600x438.jpg 600w\" sizes=\"(max-width: 800px) 100vw, 800px\" \/>\t\t\t\t\t\t\t\t\t\t\t\t\t\t\t<\/div>\n\t\t\t\t<\/div>\n\t\t<div class=\"elementor-element elementor-element-85a2d21 e-con-full e-flex e-con e-child\" data-id=\"85a2d21\" data-element_type=\"container\" data-e-type=\"container\">\n\t\t\t\t<div class=\"elementor-element elementor-element-f8bd50e elementor-widget elementor-widget-text-editor\" data-id=\"f8bd50e\" data-element_type=\"widget\" data-e-type=\"widget\" data-widget_type=\"text-editor.default\">\n\t\t\t\t\t\t\t\t\t<p>Dar\u00fcber hinaus ist die KFA2 seit 2018 auch Mitglied der Charta der guten Arbeitgeber, deren Ziel es ist, Arbeitgeber verschiedener Branchen und Gr\u00f6\u00dfenordnungen (einschlie\u00dflich kleiner und mittlerer Unternehmen) kontinuierlich zu ermutigen, mitarbeiterorientierte und fortschrittliche Praktiken des guten Personalmanagements anzuwenden. Arbeitgeber sollten auch eine familienfreundliche Besch\u00e4ftigungspolitik formulieren, indem sie die verschiedenen famili\u00e4ren Verpflichtungen ihrer Mitarbeiter bewerten und ihnen helfen, ihre beruflichen und famili\u00e4ren Bed\u00fcrfnisse gleichzeitig zu erf\u00fcllen, um einen familienfreundlichen, harmonischen Arbeitsplatz zu schaffen.<\/p>\t\t\t\t\t\t\t\t<\/div>\n\t\t\t\t<\/div>\n\t\t\t\t\t<\/div>\n\t\t\t\t<\/div>\n\t\t\t\t<\/div>","protected":false},"excerpt":{"rendered":"<p>ABOUT US Established in 2011, KFA2 is dedicated to delivering cutting-edge computer hardware that meets the demands of a rapidly expanding global market. By collaborating with its talented research and development, as well as design team, KFA2 has built a strong reputation for crafting advanced computer hardware solutions. The company specializes in mid to high-end [&hellip;]<\/p>\n","protected":false},"author":249214822,"featured_media":20895,"parent":0,"menu_order":0,"comment_status":"closed","ping_status":"open","template":"elementor_header_footer","meta":{"_acf_changed":false,"footnotes":""},"class_list":["post-1","page","type-page","status-publish","has-post-thumbnail","hentry"],"acf":[],"_links":{"self":[{"href":"https:\/\/kfa2.com\/de\/wp-json\/wp\/v2\/pages\/1","targetHints":{"allow":["GET"]}}],"collection":[{"href":"https:\/\/kfa2.com\/de\/wp-json\/wp\/v2\/pages"}],"about":[{"href":"https:\/\/kfa2.com\/de\/wp-json\/wp\/v2\/types\/page"}],"author":[{"embeddable":true,"href":"https:\/\/kfa2.com\/de\/wp-json\/wp\/v2\/users\/249214822"}],"replies":[{"embeddable":true,"href":"https:\/\/kfa2.com\/de\/wp-json\/wp\/v2\/comments?post=1"}],"version-history":[{"count":4,"href":"https:\/\/kfa2.com\/de\/wp-json\/wp\/v2\/pages\/1\/revisions"}],"predecessor-version":[{"id":24015,"href":"https:\/\/kfa2.com\/de\/wp-json\/wp\/v2\/pages\/1\/revisions\/24015"}],"wp:featuredmedia":[{"embeddable":true,"href":"https:\/\/kfa2.com\/de\/wp-json\/wp\/v2\/media\/20895"}],"wp:attachment":[{"href":"https:\/\/kfa2.com\/de\/wp-json\/wp\/v2\/media?parent=1"}],"curies":[{"name":"wp","href":"https:\/\/api.w.org\/{rel}","templated":true}]}}