{"id":8778,"date":"2024-12-12T17:13:54","date_gmt":"2024-12-12T09:13:54","guid":{"rendered":"https:\/\/kfa2.com\/?page_id=8778"},"modified":"2025-10-09T20:10:14","modified_gmt":"2025-10-09T12:10:14","slug":"garantie","status":"publish","type":"page","link":"https:\/\/kfa2.com\/de\/warranty\/","title":{"rendered":"Garantie"},"content":{"rendered":"<div data-elementor-type=\"wp-page\" data-elementor-id=\"8778\" class=\"elementor elementor-8778\" data-elementor-post-type=\"page\">\n\t\t\t\t<div class=\"elementor-element elementor-element-64635ae light-background e-flex e-con-boxed e-con e-parent\" data-id=\"64635ae\" data-element_type=\"container\" data-e-type=\"container\">\n\t\t\t\t\t<div class=\"e-con-inner\">\n\t\t\t\t<div class=\"elementor-element elementor-element-a6069fd elementor-widget elementor-widget-dyncontel-acf\" data-id=\"a6069fd\" data-element_type=\"widget\" data-e-type=\"widget\" data-settings=\"{&quot;acf_field_list&quot;:&quot;subtitle&quot;,&quot;enabled_visibility&quot;:&quot;yes&quot;,&quot;dce_visibility_selected&quot;:&quot;hide&quot;,&quot;acf_type&quot;:&quot;text&quot;}\" data-widget_type=\"dyncontel-acf.default\">\n\t\t\t\t<div class=\"elementor-widget-container\">\n\t\t\t\t\t<span class=\"dynamic-content-for-elementor-acf\">Eingeschr\u00e4nkte Garantie f\u00fcr Grafikkarten (Europa)<\/span>\t\t\t\t<\/div>\n\t\t\t\t<\/div>\n\t\t\t\t<div class=\"elementor-element elementor-element-4fc7398 elementor-widget elementor-widget-text-editor\" data-id=\"4fc7398\" data-element_type=\"widget\" data-e-type=\"widget\" data-widget_type=\"text-editor.default\">\n\t\t\t\t\t\t\t\t\t<p>KFA2-Grafikkarten-Garantie (Europa) Begrenzte Garantie<\/p>\n<p>KFA2 (Galaxy Microsystems Ltd ) (\"KFA2\") gew\u00e4hrt hiermit dem Erstk\u00e4ufer (\"K\u00e4ufer\") eine Garantie auf seine Grafikkarte f\u00fcr verschiedene Regionen mit unterschiedlichen Bedingungen, die nicht \u00fcbertragbar ist und allen hier aufgef\u00fchrten Bedingungen unterliegt. Diese Garantie gilt nicht f\u00fcr Auktionen, eBay, nicht autorisierte Wiederverk\u00e4ufer, den Kauf von Produkten aus zweiter Hand oder physisch ver\u00e4nderte oder erg\u00e4nzte Produkte. Die einzige Verpflichtung von KFA2 im Rahmen dieser Garantie besteht darin, alle defekten Teile des Produkts kostenlos zu ersetzen oder nach eigenem Ermessen zu reparieren.<\/p>\n<p>Was von der eingeschr\u00e4nkten KFA2-Garantie nicht abgedeckt ist:<\/p>\n<ul>\n<li>Wurde nicht gem\u00e4\u00df den KFA2-Anweisungen installiert;<\/li>\n<li>Wurde bei der Installation oder Entfernung vom Computer besch\u00e4digt;<\/li>\n<li>Wurde durch Software oder Hardware besch\u00e4digt, einschlie\u00dflich Software- oder Hardware-Inkompatibilit\u00e4t;<\/li>\n<li>Wurde nicht unter normalen Einsatzbedingungen gem\u00e4\u00df den KFA2-Spezifikationen gewartet und betrieben;<\/li>\n<li>Wurde durch \u00dcbertaktung oder Modifikation durch jemand anderen als KFA2 besch\u00e4digt.<\/li>\n<li>Sie sind nicht der urspr\u00fcngliche K\u00e4ufer und haben einen Kaufnachweis erbracht, aus dem das Kaufdatum (Kaufbeleg oder Rechnung), der Kaufort, der Kaufpreis, die Artikelnummer oder ID sowie die Originalverpackung und das Zubeh\u00f6r hervorgehen.<\/li>\n<li>Produkte, die au\u00dferhalb der Werksspezifikationen ver\u00e4ndert wurden und\/oder sich nicht im Werkszustand befinden.<\/li>\n<li>Produkte, bei denen die Seriennummer und\/oder die werkseitigen Kennzeichnungsschilder ver\u00e4ndert wurden, sei es, dass sie entfernt, verlegt, verf\u00e4lscht, verunstaltet, besch\u00e4digt, ver\u00e4ndert oder unleserlich gemacht wurden.<\/li>\n<li>Sch\u00e4den an PCB (Printed Circuit Board), ob geschnitten, zerkratzt, verzogen, verbogen, gesprungen, verbeult oder gebrochen<\/li>\n<li>Jegliche Sch\u00e4den an den Komponenten, der Hardware und\/oder dem Zusammenbau der Produkte, einschlie\u00dflich, aber nicht beschr\u00e4nkt auf Sch\u00e4den, die durch Vernachl\u00e4ssigung, Missbrauch, Unf\u00e4lle, unsachgem\u00e4\u00dfe Verwendung oder ungew\u00f6hnliche physische, elektrische oder elektromechanische Beanspruchung verursacht wurden (einschlie\u00dflich der ununterbrochenen Nutzung der Produkte oder der Nutzung der Produkte f\u00fcr Blockchain-Verarbeitung, Kryptow\u00e4hrungs-Mining oder \u00e4hnliche Zwecke)<\/li>\n<li>Jegliche fehlende Hardware, Komponenten und\/oder Baugruppen des Produkts.<\/li>\n<li>Kosmetische Sch\u00e4den, die au\u00dferhalb einer angemessenen Nutzung liegen, verursacht durch tiefe Kratzer, Schnitte, Risse, Dellen, Verf\u00e4rbungen, Vernachl\u00e4ssigung, Fallenlassen oder unsachgem\u00e4\u00dfe Handhabung des Produkts<\/li>\n<li>Produkte, die Fl\u00fcssigkeiten, Fl\u00fcssigkeitsr\u00fcckst\u00e4nden oder \u00fcberm\u00e4\u00dfig feuchten Umgebungen ausgesetzt sind, was zu Rost, Feuchtigkeit, N\u00e4sse, Flecken, Korrosion oder Versch\u00fctten von Fl\u00fcssigkeiten auf Komponenten, Hardware oder Elektronik f\u00fchrt. Verbrennungen oder Aufflackern von Komponenten infolge eines Unfalls oder Versch\u00fcttens von Fl\u00fcssigkeiten<\/li>\n<li>Direkte Verwendung von Farbe, Eintauchen der Grafikkarte in \u00d6l, Verwendung von Klebstoffen oder Leim auf irgendeinem Teil des Produkts, Verwendung von L\u00f6tzinn auf der Leiterplatte, Ver\u00e4nderung der Elektronik und\/oder der Komponenten<\/li>\n<li>Einwirkung von Zigarettenteerr\u00fcckst\u00e4nden, Feuchtigkeit, Sand, Schmutz oder \u00fcberm\u00e4\u00dfigen Ablagerungen.<\/li>\n<li>Produkte, die aufgrund eines Unfalls, eines Zusammensto\u00dfes mit einem Gegenstand oder Werkzeug, \u00fcberm\u00e4\u00dfiger Gewaltanwendung, Vernachl\u00e4ssigung der Pflege, Einwirkung von Feuer oder ungew\u00f6hnlicher Hitze, \u00dcberschwemmungen, Schmutz, St\u00fcrmen, Blitzschlag, Erdbeben, \u00fcberm\u00e4\u00dfigen Witterungseinfl\u00fcssen oder sonstiger h\u00f6herer Gewalt, Diebstahl, durchgebrannter Sicherungen, unsachgem\u00e4\u00dfer Verwendung von Stromquellen oder \u00fcberlasteter Stromkreise nicht mehr funktionsf\u00e4hig sind.<\/li>\n<li>Defekte oder Sch\u00e4den, die aus der Verwendung eines Produkts eines Drittanbieters in Verbindung mit Zubeh\u00f6r, Produkten, Software oder sekund\u00e4ren Peripherieger\u00e4ten entstehen, die nicht f\u00fcr die Verwendung mit dem Produkt geliefert oder von KFA2 genehmigt wurden.<\/li>\n<li>Defekte oder Sch\u00e4den, die durch unsachgem\u00e4\u00dfe Tests, Betrieb, Wartung, Installation, Service oder Einstellungen entstehen, die nicht von KFA2 geliefert oder genehmigt wurden.<\/li>\n<li>Die Verwendung einer unangemessenen Versandverpackung oder die Verwendung von unangemessenem Verpackungsmaterial, das zu einer Besch\u00e4digung des Produkts w\u00e4hrend des Transports mit dem Kurierdienst des Erstk\u00e4ufers f\u00fchrt.<\/li>\n<li>Unerlaubte \u00c4nderungen am BIOS oder an der Firmware von Produkten, die nicht \u00fcber eine Multiple BIOS-Option verf\u00fcgen, k\u00f6nnen dazu f\u00fchren, dass diese Garantie ung\u00fcltig wird.<\/li>\n<li>Produkte, die von nicht autorisierten Wiederverk\u00e4ufern oder H\u00e4ndlern erworben wurden, wozu unter anderem Online-Marktpl\u00e4tze wie Amazon, eBay und andere Online-Auktions- und\/oder Marktplatz-Websites geh\u00f6ren. Wenn Sie sich nicht sicher sind, ob ein Wiederverk\u00e4ufer ein autorisierter Wiederverk\u00e4ufer ist, wenden Sie sich bitte an KFA2, um eine Best\u00e4tigung zu erhalten.<\/li>\n<\/ul>\n<p>Die Garantie gilt nicht, wenn das\/die Produkt(e) in irgendeinem Ausma\u00df au\u00dferhalb des normalen bestimmungsgem\u00e4\u00dfen Gebrauchs verwendet wird\/werden, wozu auch, aber nicht ausschlie\u00dflich, \"MINING\" (z. B. Cryptocurrency, Data Mining, Mining Farms) geh\u00f6rt.\"<\/p>\n<p>Kryptow\u00e4hrung, Data Mining, Mining-Farmen<br \/>\nDie Garantie gilt nicht, wenn das\/die Produkt(e) in irgendeinem Ma\u00dfe au\u00dferhalb der normalen bestimmungsgem\u00e4\u00dfen Verwendung eingesetzt wird\/werden. Jegliche Sch\u00e4den an den Komponenten, der Hardware und\/oder dem Zusammenbau der Produkte, einschlie\u00dflich, aber nicht beschr\u00e4nkt auf Sch\u00e4den, die durch Vernachl\u00e4ssigung, Missbrauch, Unf\u00e4lle, unsachgem\u00e4\u00dfen Gebrauch oder ungew\u00f6hnliche physische, elektrische oder elektromechanische Belastungen verursacht wurden (einschlie\u00dflich der ununterbrochenen Nutzung der Produkte oder der Nutzung der Produkte f\u00fcr Blockchain-Verarbeitung, Kryptow\u00e4hrungs-Mining oder \u00e4hnliche Zwecke).<\/p>\n<p><b>KFA2-PRODUKTE SIND NICHT F\u00dcR (I) EINE UNUNTERBROCHENE NUTZUNG ODER (II) EINE NUTZUNG IN VERBINDUNG MIT BLOCKCHAIN-VERARBEITUNG, KRYPTOW\u00c4HRUNGS-MINING ODER \u00c4HNLICHEN ZWECKEN KONZIPIERT, HERGESTELLT ODER BESTIMMT.<\/b><\/p>\n<p>Jegliche \u00c4nderung am Produkt muss vor der R\u00fccksendung an KFA2 f\u00fcr den Garantieservice r\u00fcckg\u00e4ngig gemacht werden. Das Produkt muss sich im Originalzustand befinden, um Garantieleistungen zu erhalten. Die Feststellung von Sch\u00e4den oder Defekten, die auf Modifikationen oder \u00dcbertaktung durch den K\u00e4ufer zur\u00fcckzuf\u00fchren sind, liegt im alleinigen Ermessen von KFA2. Jegliche Kosten, die durch Modifikationen entstehen, liegen in der Verantwortung des K\u00e4ufers.<\/p>\n<p>Die Kosten f\u00fcr die R\u00fccksendung k\u00f6nnen nach alleinigem Ermessen von KFA2 vom K\u00e4ufer getragen werden, wenn das Produkt nicht von der Garantie abgedeckt ist.<\/p>\n<p>DIESE GARANTIE ERSETZT ALLE ANDEREN AUSDR\u00dcCKLICHEN ODER STILLSCHWEIGENDEN GARANTIEN, EINSCHLIESSLICH, ABER NICHT BESCHR\u00c4NKT AUF DIE GARANTIE DER MARKTG\u00c4NGIGKEIT, DER EIGNUNG F\u00dcR EINEN BESTIMMTEN ZWECK ODER DES RECHTSSCHUTZES, WOBEI DIESE ANDEREN GARANTIEN AUSDR\u00dcCKLICH AUSGESCHLOSSEN UND ABGELEHNT WERDEN. KFA2 HAFTET NICHT F\u00dcR ENTGANGENEN GEWINN ODER BESONDERE, ZUF\u00c4LLIGE, EXEMPLARISCHE ODER FOLGESCH\u00c4DEN, DIE DEM K\u00c4UFER ODER DRITTEN ENTSTEHEN, SELBST WENN KFA2 AUF DIE M\u00d6GLICHKEIT SOLCHER VERLUSTE ODER SCH\u00c4DEN HINGEWIESEN WURDE. IN KEINEM FALL \u00dcBERSTEIGT DIE HAFTUNG VON KFA2 DEN KAUFPREIS DES FEHLERHAFTEN PRODUKTS.<\/p>\n<p>Der K\u00e4ufer erkennt an, dass die von KFA2 verkauften Waren in anderen Produkten oder Systemen verwendet oder eingebaut werden, und dass die letztendliche Sicherheit dieser Produkte oder Systeme in der alleinigen Verantwortung des K\u00e4ufers liegt. Der K\u00e4ufer \u00fcbernimmt alle Risiken und die Haftung f\u00fcr die Verwendung von KFA2-Produkten in anderen Produkten oder Systemen. Der K\u00e4ufer erkl\u00e4rt sich damit einverstanden, dass er und\/oder seine Kunden die alleinige Verantwortung daf\u00fcr tragen, dass die Verwendung von KFA2-Produkten f\u00fcr jegliche Zwecke im Zusammenhang mit solchen Dienstleistungen oder anderweitig in keiner Weise von KFA2 kontrolliert werden kann, und dass der K\u00e4ufer oder seine Kunden daf\u00fcr verantwortlich sind, die Richtigkeit und Vollst\u00e4ndigkeit jeglicher Informationen zu \u00fcberpr\u00fcfen, die in KFA2-Produkten enthalten sind, in diese eingegeben oder in Verbindung mit diesen verwendet werden. Der K\u00e4ufer \u00fcbernimmt alle Risiken und die Haftung f\u00fcr die Verwendung von KFA2-Produkten in anderen Produkten oder Systemen. Produkte und\/oder Systeme von Drittanbietern, einschlie\u00dflich, aber nicht beschr\u00e4nkt auf Hauptplatinen und andere Systemkomponenten, werden von dieser Garantie nicht abgedeckt. In keinem Fall haftet KFA2 f\u00fcr Sch\u00e4den jeglicher Art, die dem K\u00e4ufer, einem Kunden des K\u00e4ufers oder anderen aufgrund von Klagen, Anspr\u00fcchen oder Forderungen entstehen, die sich aus der Verwendung von KFA2-Produkten ergeben.<\/p>\n<p>IN EINIGEN EUROP\u00c4ISCHEN L\u00c4NDERN IST DER AUSSCHLUSS ODER DIE BESCHR\u00c4NKUNG VON BEIL\u00c4UFIG ENTSTANDENEN SCH\u00c4DEN ODER FOLGESCH\u00c4DEN NICHT ZUL\u00c4SSIG, SO DASS DIESE BESCHR\u00c4NKUNGEN M\u00d6GLICHERWEISE NICHT AUF SIE ZUTREFFEN. DIESE GARANTIE GIBT IHNEN BESTIMMTE GESETZLICHE RECHTE, UND SIE K\u00d6NNEN AUCH ANDERE RECHTE HABEN, DIE VON LAND ZU LAND VARIIEREN. DIESE GARANTIE KANN NUR DURCH EIN SCHRIFTLICHES, ORDNUNGSGEM\u00c4SS VON KFA2 UNTERZEICHNETES INSTRUMENT ERWEITERT, GE\u00c4NDERT ODER VARIIERT WERDEN.<\/p>\n<p>F\u00fcr die Inanspruchnahme der Garantie ist ein Kaufbeleg erforderlich, aus dem das Kaufdatum (Kaufbeleg oder Rechnung), der Kaufort, der Kaufpreis, die Artikelnummer oder ID sowie die Originalverpackung und das Zubeh\u00f6r hervorgehen. Um w\u00e4hrend der Garantiezeit Garantieleistungen in Anspruch zu nehmen, wenden Sie sich bitte an den \u00f6rtlichen Wiederverk\u00e4ufer\/Distributor.<\/p>\n<p>Der K\u00e4ufer zahlt f\u00fcr den Versand des Produkts an KFA2 f\u00fcr die Garantie. Der Kunde \u00fcbernimmt das Verlustrisiko (Versicherung gegen Verlust oder Besch\u00e4digung) w\u00e4hrend des Transports und die zur\u00fcckgesandten Produkte gehen in das alleinige Eigentum von KFA2 \u00fcber. KFA2 garantiert, dass die reparierten oder ersetzten Produkte f\u00fcr den Rest der Garantiezeit des Originalprodukts frei von Material- oder Verarbeitungsfehlern sind.<\/p>\n<p>KFA2 beh\u00e4lt sich das Recht vor, jedes zur\u00fcckgesandte Produkt zu untersuchen und zu \u00fcberpr\u00fcfen, ob es fehlerhaft ist.<\/p>\n<p>Die Versandkosten f\u00fcr die R\u00fccksendung an den K\u00e4ufer f\u00fcr reparierte oder Ersatzprodukte werden von KFA2 \u00fcbernommen. Reparierte oder Ersatzprodukte werden \u00fcber einen ausgew\u00e4hlten Kurierdienst versandt.<\/p>\n<p>Die Garantie gilt f\u00fcr Produkte, die bei autorisierten H\u00e4ndlern erworben wurden.<\/p>\n<p>KFA2 beh\u00e4lt sich das Recht vor, die Bestimmungen und Bedingungen dieser Richtlinie ohne vorherige Ank\u00fcndigung zu \u00e4ndern. Bitte setzen Sie ein Lesezeichen und besuchen Sie diese Seite, um die aktuelle Gew\u00e4hrleistungsrichtlinie einzusehen.<\/p>\n\t\t\t\t\t\t\t\t<\/div>\n\t\t\t\t\t<\/div>\n\t\t\t\t<\/div>\n\t\t<div class=\"elementor-element elementor-element-a6a69aa e-con-full e-flex e-con e-parent\" data-id=\"a6a69aa\" data-element_type=\"container\" data-e-type=\"container\">\n\t\t\t\t<\/div>\n\t\t\t\t<\/div>","protected":false},"excerpt":{"rendered":"<p>Eingeschr\u00e4nkte Garantie f\u00fcr Grafikkarten (Europa)<\/p>","protected":false},"author":249214822,"featured_media":0,"parent":0,"menu_order":0,"comment_status":"closed","ping_status":"closed","template":"elementor_header_footer","meta":{"_acf_changed":false,"footnotes":""},"class_list":["post-8778","page","type-page","status-publish","hentry"],"acf":[],"_links":{"self":[{"href":"https:\/\/kfa2.com\/de\/wp-json\/wp\/v2\/pages\/8778","targetHints":{"allow":["GET"]}}],"collection":[{"href":"https:\/\/kfa2.com\/de\/wp-json\/wp\/v2\/pages"}],"about":[{"href":"https:\/\/kfa2.com\/de\/wp-json\/wp\/v2\/types\/page"}],"author":[{"embeddable":true,"href":"https:\/\/kfa2.com\/de\/wp-json\/wp\/v2\/users\/249214822"}],"replies":[{"embeddable":true,"href":"https:\/\/kfa2.com\/de\/wp-json\/wp\/v2\/comments?post=8778"}],"version-history":[{"count":0,"href":"https:\/\/kfa2.com\/de\/wp-json\/wp\/v2\/pages\/8778\/revisions"}],"wp:attachment":[{"href":"https:\/\/kfa2.com\/de\/wp-json\/wp\/v2\/media?parent=8778"}],"curies":[{"name":"wp","href":"https:\/\/api.w.org\/{rel}","templated":true}]}}