{"id":79,"date":"2024-09-02T15:05:16","date_gmt":"2024-09-02T07:05:16","guid":{"rendered":"https:\/\/kfa2.com\/?page_id=79"},"modified":"2024-09-02T15:05:16","modified_gmt":"2024-09-02T07:05:16","slug":"store-2","status":"publish","type":"page","link":"https:\/\/kfa2.com\/fr\/store-2\/","title":{"rendered":"Magasin"},"content":{"rendered":"<div class=\"wp-block-group alignfull is-content-justification-center is-layout-constrained wp-container-core-group-is-layout-df757ecc wp-block-group-is-layout-constrained\" style=\"margin-top:0;margin-bottom:0;padding-top:calc( 0.5 * var(--wp--style--root--padding-right, var(--wp--custom--gap--horizontal)));padding-right:var(--wp--style--root--padding-right, var(--wp--custom--gap--horizontal));padding-bottom:calc( 0.5 * var(--wp--style--root--padding-right, var(--wp--custom--gap--horizontal)));padding-left:var(--wp--style--root--padding-left, var(--wp--custom--gap--horizontal))\">\n<div style=\"height:calc( 0.25 * var(--wp--style--root--padding-right, var(--wp--custom--gap--horizontal)))\" aria-hidden=\"true\" class=\"wp-block-spacer\"><\/div>\n\n\n\n<div class=\"wp-block-columns alignwide is-layout-flex wp-container-core-columns-is-layout-ea69a204 wp-block-columns-is-layout-flex\">\n<div class=\"wp-block-column is-layout-flow wp-container-core-column-is-layout-22223934 wp-block-column-is-layout-flow\" style=\"flex-basis:50%\">\n<h2 class=\"wp-block-heading\">Magasin<\/h2>\n<\/div>\n\n\n\n<div class=\"wp-block-column is-layout-flow wp-block-column-is-layout-flow\" style=\"flex-basis:50%\">\n<p>Bienvenue dans un monde aux possibilit\u00e9s illimit\u00e9es, o\u00f9 le voyage est aussi exaltant que la destination, et o\u00f9 chaque instant est une occasion de laisser votre empreinte sur la toile de l'existence. La seule limite est celle de votre imagination.<\/p>\n<\/div>\n<\/div>\n\n\n\n<div style=\"height:calc( 0.25 * var(--wp--style--root--padding-right, var(--wp--custom--gap--horizontal)))\" aria-hidden=\"true\" class=\"wp-block-spacer\"><\/div>\n<\/div>\n\n\n\n<div class=\"wp-block-group alignfull is-content-justification-center is-layout-constrained wp-container-core-group-is-layout-df757ecc wp-block-group-is-layout-constrained\" style=\"margin-top:0;margin-bottom:0;padding-top:calc( 0.5 * var(--wp--style--root--padding-right, var(--wp--custom--gap--horizontal)));padding-right:var(--wp--style--root--padding-right, var(--wp--custom--gap--horizontal));padding-bottom:calc( 0.5 * var(--wp--style--root--padding-right, var(--wp--custom--gap--horizontal)));padding-left:var(--wp--style--root--padding-left, var(--wp--custom--gap--horizontal))\">\n<div style=\"height:0px\" aria-hidden=\"true\" class=\"wp-block-spacer\"><\/div>\n\n\n\n<div class=\"wp-block-columns alignwide is-layout-flex wp-container-core-columns-is-layout-d0846407 wp-block-columns-is-layout-flex\">\n<div class=\"wp-block-column is-layout-flow wp-block-column-is-layout-flow\">\n<figure class=\"wp-block-image size-full\"><img decoding=\"async\" src=\"https:\/\/dotcompatterns.files.wordpress.com\/2024\/01\/paint-tall-alt.jpg\" alt=\"\" class=\"wp-image-13707\" style=\"aspect-ratio:3\/4;object-fit:cover\" \/><\/figure>\n\n\n\n<h3 class=\"wp-block-heading has-text-align-center has-medium-font-size\">Cat\u00e9gorie de produit<\/h3>\n<\/div>\n\n\n\n<div class=\"wp-block-column is-layout-flow wp-block-column-is-layout-flow\">\n<figure class=\"wp-block-image size-full\"><img decoding=\"async\" src=\"https:\/\/dotcompatterns.files.wordpress.com\/2024\/01\/paint-tall.jpg\" alt=\"\" class=\"wp-image-13699\" style=\"aspect-ratio:3\/4;object-fit:cover\" \/><\/figure>\n\n\n\n<h3 class=\"wp-block-heading has-text-align-center has-medium-font-size\">Cat\u00e9gorie de produit<\/h3>\n<\/div>\n\n\n\n<div class=\"wp-block-column is-layout-flow wp-block-column-is-layout-flow\">\n<figure class=\"wp-block-image size-full\"><img decoding=\"async\" src=\"https:\/\/dotcompatterns.files.wordpress.com\/2024\/01\/paint-tall-alt.jpg\" alt=\"\" class=\"wp-image-13707\" style=\"aspect-ratio:3\/4;object-fit:cover\" \/><\/figure>\n\n\n\n<h3 class=\"wp-block-heading has-text-align-center has-medium-font-size\">Cat\u00e9gorie de produit<\/h3>\n<\/div>\n<\/div>\n\n\n\n<div style=\"height:var(--wp--preset--spacing--30)\" aria-hidden=\"true\" class=\"wp-block-spacer\"><\/div>\n\n\n\n<div class=\"wp-block-columns alignwide is-layout-flex wp-container-core-columns-is-layout-d0846407 wp-block-columns-is-layout-flex\">\n<div class=\"wp-block-column is-layout-flow wp-block-column-is-layout-flow\">\n<figure class=\"wp-block-image size-full\"><img decoding=\"async\" src=\"https:\/\/dotcompatterns.files.wordpress.com\/2024\/01\/paint-tall-alt.jpg\" alt=\"\" class=\"wp-image-13707\" style=\"aspect-ratio:3\/4;object-fit:cover\" \/><\/figure>\n\n\n\n<h3 class=\"wp-block-heading has-text-align-center has-medium-font-size\">Cat\u00e9gorie de produit<\/h3>\n<\/div>\n\n\n\n<div class=\"wp-block-column is-layout-flow wp-block-column-is-layout-flow\">\n<figure class=\"wp-block-image size-full\"><img decoding=\"async\" src=\"https:\/\/dotcompatterns.files.wordpress.com\/2024\/01\/paint-tall.jpg\" alt=\"\" class=\"wp-image-13699\" style=\"aspect-ratio:3\/4;object-fit:cover\" \/><\/figure>\n\n\n\n<h3 class=\"wp-block-heading has-text-align-center has-medium-font-size\">Cat\u00e9gorie de produit<\/h3>\n<\/div>\n\n\n\n<div class=\"wp-block-column is-layout-flow wp-block-column-is-layout-flow\">\n<figure class=\"wp-block-image size-full\"><img decoding=\"async\" src=\"https:\/\/dotcompatterns.files.wordpress.com\/2024\/01\/paint-tall-alt.jpg\" alt=\"\" class=\"wp-image-13707\" style=\"aspect-ratio:3\/4;object-fit:cover\" \/><\/figure>\n\n\n\n<h3 class=\"wp-block-heading has-text-align-center has-medium-font-size\">Cat\u00e9gorie de produit<\/h3>\n<\/div>\n<\/div>\n\n\n\n<div style=\"height:var(--wp--preset--spacing--30)\" aria-hidden=\"true\" class=\"wp-block-spacer\"><\/div>\n<\/div>\n\n\n\n<div class=\"wp-block-group alignfull is-content-justification-center is-layout-constrained wp-container-core-group-is-layout-df757ecc wp-block-group-is-layout-constrained\" style=\"margin-top:0;margin-bottom:0;padding-top:calc( 0.5 * var(--wp--style--root--padding-right, var(--wp--custom--gap--horizontal)));padding-right:var(--wp--style--root--padding-right, var(--wp--custom--gap--horizontal));padding-bottom:calc( 0.5 * var(--wp--style--root--padding-right, var(--wp--custom--gap--horizontal)));padding-left:var(--wp--style--root--padding-left, var(--wp--custom--gap--horizontal))\">\n<div style=\"height:calc( 0.25 * var(--wp--style--root--padding-right, var(--wp--custom--gap--horizontal)))\" aria-hidden=\"true\" class=\"wp-block-spacer\"><\/div>\n\n\n\n<div class=\"wp-block-columns alignwide are-vertically-aligned-center is-layout-flex wp-container-core-columns-is-layout-28f84493 wp-block-columns-is-layout-flex\">\n<div class=\"wp-block-column is-vertically-aligned-center is-layout-flow wp-block-column-is-layout-flow\">\n<figure class=\"wp-block-image size-full\"><img decoding=\"async\" src=\"https:\/\/dotcompatterns.files.wordpress.com\/2024\/01\/paint-tall-alt.jpg\" alt=\"\" class=\"wp-image-13707\" style=\"aspect-ratio:1;object-fit:cover\" \/><\/figure>\n<\/div>\n\n\n\n<div class=\"wp-block-column is-vertically-aligned-center is-layout-flow wp-block-column-is-layout-flow\">\n<h2 class=\"wp-block-heading alignwide\">Produit<\/h2>\n\n\n\n<p>$40.00<\/p>\n\n\n\n<p>En naviguant dans la trame complexe de la vie, les choix ouvrent des voies vers l'extraordinaire, exigeant de la cr\u00e9ativit\u00e9, de la curiosit\u00e9 et du courage pour un voyage v\u00e9ritablement \u00e9panouissant.<\/p>\n\n\n\n<div style=\"height:var(--wp--preset--spacing--10)\" aria-hidden=\"true\" class=\"wp-block-spacer\"><\/div>\n\n\n\n<div class=\"wp-block-buttons is-layout-flex wp-block-buttons-is-layout-flex\"><div class=\"wp-block-button\"><a class=\"wp-block-button__link wp-element-button\">Acheter<\/a><\/div><\/div>\n<\/div>\n<\/div>\n\n\n\n<div style=\"height:calc( 0.25 * var(--wp--style--root--padding-right, var(--wp--custom--gap--horizontal)))\" aria-hidden=\"true\" class=\"wp-block-spacer\"><\/div>\n<\/div>\n\n\n\n<div class=\"wp-block-group alignfull is-content-justification-center is-layout-constrained wp-container-core-group-is-layout-45e9c112 wp-block-group-is-layout-constrained\" style=\"margin-top:0;margin-bottom:0;padding-top:calc( 0.5 * var(--wp--style--root--padding-right, var(--wp--custom--gap--horizontal)));padding-right:var(--wp--style--root--padding-right, var(--wp--custom--gap--horizontal));padding-bottom:calc( 0.5 * var(--wp--style--root--padding-right, var(--wp--custom--gap--horizontal)));padding-left:var(--wp--style--root--padding-left, var(--wp--custom--gap--horizontal))\">\n<div style=\"height:calc( 0.25 * var(--wp--style--root--padding-right, var(--wp--custom--gap--horizontal)))\" aria-hidden=\"true\" class=\"wp-block-spacer\"><\/div>\n\n\n\n<div class=\"wp-block-group alignwide is-layout-constrained wp-block-group-is-layout-constrained\">\n<h2 class=\"wp-block-heading alignwide has-text-align-center\">Commentaires<\/h2>\n<\/div>\n\n\n\n<div style=\"height:var(--wp--preset--spacing--20)\" aria-hidden=\"true\" class=\"wp-block-spacer\"><\/div>\n\n\n\n<div class=\"wp-block-columns alignwide is-layout-flex wp-container-core-columns-is-layout-d0846407 wp-block-columns-is-layout-flex\">\n<div class=\"wp-block-column is-layout-flow wp-block-column-is-layout-flow\" style=\"padding-top:0;padding-right:var(--wp--preset--spacing--10);padding-bottom:0;padding-left:var(--wp--preset--spacing--10)\">\n<div class=\"wp-block-group is-content-justification-center is-layout-constrained wp-container-core-group-is-layout-bcb729ef wp-block-group-is-layout-constrained\">\n<p class=\"has-text-align-center\">\u201cCommencer mon r\u00f4le d'administrateur WordPress a \u00e9t\u00e9 une joie, gr\u00e2ce \u00e0 son interface intuitive, \u00e0 la gestion des m\u00e9dias, \u00e0 la s\u00e9curit\u00e9 et \u00e0 l'int\u00e9gration des plugins, qui font de la gestion d'un site web un jeu d'enfant.\u201d<\/p>\n\n\n\n<div style=\"height:0\" aria-hidden=\"true\" class=\"wp-block-spacer\"><\/div>\n\n\n\n<div class=\"wp-block-group is-vertical is-content-justification-center is-nowrap is-layout-flex wp-container-core-group-is-layout-64246d41 wp-block-group-is-layout-flex\">\n<figure class=\"wp-block-image size-full is-resized has-custom-border\"><img decoding=\"async\" src=\"https:\/\/dotcompatterns.files.wordpress.com\/2024\/01\/paint-small.jpg\" alt=\"\" class=\"wp-image-13762\" style=\"border-radius:100px;aspect-ratio:1;object-fit:cover;width:48px\" \/><\/figure>\n\n\n\n<div class=\"wp-block-group is-layout-flow wp-container-core-group-is-layout-15eb98a8 wp-block-group-is-layout-flow\">\n<h3 class=\"wp-block-heading has-text-align-center has-small-font-size\" style=\"line-height:1\">Jayla H.<\/h3>\n\n\n\n<p class=\"has-text-align-center has-small-font-size\" style=\"line-height:1\">@wordpress<\/p>\n<\/div>\n<\/div>\n<\/div>\n<\/div>\n\n\n\n<div class=\"wp-block-column is-layout-flow wp-block-column-is-layout-flow\" style=\"padding-top:0;padding-right:var(--wp--preset--spacing--10);padding-bottom:0;padding-left:var(--wp--preset--spacing--10)\">\n<div class=\"wp-block-group is-content-justification-center is-layout-constrained wp-container-core-group-is-layout-bcb729ef wp-block-group-is-layout-constrained\">\n<p class=\"has-text-align-center\">\u201cCommencer mon r\u00f4le d'administrateur WordPress a \u00e9t\u00e9 une joie, gr\u00e2ce \u00e0 son interface intuitive, \u00e0 la gestion des m\u00e9dias, \u00e0 la s\u00e9curit\u00e9 et \u00e0 l'int\u00e9gration des plugins, qui font de la gestion d'un site web un jeu d'enfant.\u201d<\/p>\n\n\n\n<div style=\"height:0\" aria-hidden=\"true\" class=\"wp-block-spacer\"><\/div>\n\n\n\n<div class=\"wp-block-group is-vertical is-content-justification-center is-nowrap is-layout-flex wp-container-core-group-is-layout-64246d41 wp-block-group-is-layout-flex\">\n<figure class=\"wp-block-image size-full is-resized has-custom-border\"><img decoding=\"async\" src=\"https:\/\/dotcompatterns.files.wordpress.com\/2024\/01\/paint-small.jpg\" alt=\"\" class=\"wp-image-13762\" style=\"border-radius:100px;aspect-ratio:1;object-fit:cover;width:48px\" \/><\/figure>\n\n\n\n<div class=\"wp-block-group is-layout-flow wp-container-core-group-is-layout-15eb98a8 wp-block-group-is-layout-flow\">\n<h4 class=\"wp-block-heading has-text-align-center has-small-font-size\" style=\"line-height:1\">Espoir D.<\/h4>\n\n\n\n<p class=\"has-text-align-center has-small-font-size\" style=\"line-height:1\">@wordpress<\/p>\n<\/div>\n<\/div>\n<\/div>\n<\/div>\n<\/div>\n\n\n\n<div style=\"height:calc( 0.25 * var(--wp--style--root--padding-right, var(--wp--custom--gap--horizontal)))\" aria-hidden=\"true\" class=\"wp-block-spacer\"><\/div>\n<\/div>","protected":false},"excerpt":{"rendered":"<p>Store Welcome to a world of limitless possibilities, where the journey is as exhilarating as the destination, and where every moment is an opportunity to make your mark on the canvas of existence. The only limit is the extent of your imagination. Product category Product category Product category Product category Product category Product category Product [&hellip;]<\/p>\n","protected":false},"author":249214822,"featured_media":0,"parent":0,"menu_order":0,"comment_status":"closed","ping_status":"closed","template":"","meta":{"_acf_changed":false,"footnotes":""},"class_list":["post-79","page","type-page","status-publish","hentry"],"acf":[],"_links":{"self":[{"href":"https:\/\/kfa2.com\/fr\/wp-json\/wp\/v2\/pages\/79","targetHints":{"allow":["GET"]}}],"collection":[{"href":"https:\/\/kfa2.com\/fr\/wp-json\/wp\/v2\/pages"}],"about":[{"href":"https:\/\/kfa2.com\/fr\/wp-json\/wp\/v2\/types\/page"}],"author":[{"embeddable":true,"href":"https:\/\/kfa2.com\/fr\/wp-json\/wp\/v2\/users\/249214822"}],"replies":[{"embeddable":true,"href":"https:\/\/kfa2.com\/fr\/wp-json\/wp\/v2\/comments?post=79"}],"version-history":[{"count":0,"href":"https:\/\/kfa2.com\/fr\/wp-json\/wp\/v2\/pages\/79\/revisions"}],"wp:attachment":[{"href":"https:\/\/kfa2.com\/fr\/wp-json\/wp\/v2\/media?parent=79"}],"curies":[{"name":"wp","href":"https:\/\/api.w.org\/{rel}","templated":true}]}}