{"id":79,"date":"2024-09-02T15:05:16","date_gmt":"2024-09-02T07:05:16","guid":{"rendered":"https:\/\/kfa2.com\/?page_id=79"},"modified":"2024-09-02T15:05:16","modified_gmt":"2024-09-02T07:05:16","slug":"store-2","status":"publish","type":"page","link":"https:\/\/kfa2.com\/tr\/store-2\/","title":{"rendered":"Ma\u011faza"},"content":{"rendered":"<div class=\"wp-block-group alignfull is-content-justification-center is-layout-constrained wp-container-core-group-is-layout-df757ecc wp-block-group-is-layout-constrained\" style=\"margin-top:0;margin-bottom:0;padding-top:calc( 0.5 * var(--wp--style--root--padding-right, var(--wp--custom--gap--horizontal)));padding-right:var(--wp--style--root--padding-right, var(--wp--custom--gap--horizontal));padding-bottom:calc( 0.5 * var(--wp--style--root--padding-right, var(--wp--custom--gap--horizontal)));padding-left:var(--wp--style--root--padding-left, var(--wp--custom--gap--horizontal))\">\n<div style=\"height:calc( 0.25 * var(--wp--style--root--padding-right, var(--wp--custom--gap--horizontal)))\" aria-hidden=\"true\" class=\"wp-block-spacer\"><\/div>\n\n\n\n<div class=\"wp-block-columns alignwide is-layout-flex wp-container-core-columns-is-layout-ea69a204 wp-block-columns-is-layout-flex\">\n<div class=\"wp-block-column is-layout-flow wp-container-core-column-is-layout-22223934 wp-block-column-is-layout-flow\" style=\"flex-basis:50%\">\n<h2 class=\"wp-block-heading\">Ma\u011faza<\/h2>\n<\/div>\n\n\n\n<div class=\"wp-block-column is-layout-flow wp-block-column-is-layout-flow\" style=\"flex-basis:50%\">\n<p>S\u0131n\u0131rs\u0131z olanaklar\u0131n d\u00fcnyas\u0131na ho\u015f geldiniz. Burada yolculuk, var\u0131\u015f noktas\u0131 kadar heyecan vericidir ve her an, varolu\u015fun tuvaline iz b\u0131rakmak i\u00e7in bir f\u0131rsatt\u0131r. Tek s\u0131n\u0131r, hayal g\u00fcc\u00fcn\u00fcz\u00fcn geni\u015fli\u011fidir.<\/p>\n<\/div>\n<\/div>\n\n\n\n<div style=\"height:calc( 0.25 * var(--wp--style--root--padding-right, var(--wp--custom--gap--horizontal)))\" aria-hidden=\"true\" class=\"wp-block-spacer\"><\/div>\n<\/div>\n\n\n\n<div class=\"wp-block-group alignfull is-content-justification-center is-layout-constrained wp-container-core-group-is-layout-df757ecc wp-block-group-is-layout-constrained\" style=\"margin-top:0;margin-bottom:0;padding-top:calc( 0.5 * var(--wp--style--root--padding-right, var(--wp--custom--gap--horizontal)));padding-right:var(--wp--style--root--padding-right, var(--wp--custom--gap--horizontal));padding-bottom:calc( 0.5 * var(--wp--style--root--padding-right, var(--wp--custom--gap--horizontal)));padding-left:var(--wp--style--root--padding-left, var(--wp--custom--gap--horizontal))\">\n<div style=\"height:0px\" aria-hidden=\"true\" class=\"wp-block-spacer\"><\/div>\n\n\n\n<div class=\"wp-block-columns alignwide is-layout-flex wp-container-core-columns-is-layout-d0846407 wp-block-columns-is-layout-flex\">\n<div class=\"wp-block-column is-layout-flow wp-block-column-is-layout-flow\">\n<figure class=\"wp-block-image size-full\"><img decoding=\"async\" src=\"https:\/\/dotcompatterns.files.wordpress.com\/2024\/01\/paint-tall-alt.jpg\" alt=\"\" class=\"wp-image-13707\" style=\"aspect-ratio:3\/4;object-fit:cover\" \/><\/figure>\n\n\n\n<h3 class=\"wp-block-heading has-text-align-center has-medium-font-size\">\u00dcr\u00fcn kategorisi<\/h3>\n<\/div>\n\n\n\n<div class=\"wp-block-column is-layout-flow wp-block-column-is-layout-flow\">\n<figure class=\"wp-block-image size-full\"><img decoding=\"async\" src=\"https:\/\/dotcompatterns.files.wordpress.com\/2024\/01\/paint-tall.jpg\" alt=\"\" class=\"wp-image-13699\" style=\"aspect-ratio:3\/4;object-fit:cover\" \/><\/figure>\n\n\n\n<h3 class=\"wp-block-heading has-text-align-center has-medium-font-size\">\u00dcr\u00fcn kategorisi<\/h3>\n<\/div>\n\n\n\n<div class=\"wp-block-column is-layout-flow wp-block-column-is-layout-flow\">\n<figure class=\"wp-block-image size-full\"><img decoding=\"async\" src=\"https:\/\/dotcompatterns.files.wordpress.com\/2024\/01\/paint-tall-alt.jpg\" alt=\"\" class=\"wp-image-13707\" style=\"aspect-ratio:3\/4;object-fit:cover\" \/><\/figure>\n\n\n\n<h3 class=\"wp-block-heading has-text-align-center has-medium-font-size\">\u00dcr\u00fcn kategorisi<\/h3>\n<\/div>\n<\/div>\n\n\n\n<div style=\"height:var(--wp--preset--spacing--30)\" aria-hidden=\"true\" class=\"wp-block-spacer\"><\/div>\n\n\n\n<div class=\"wp-block-columns alignwide is-layout-flex wp-container-core-columns-is-layout-d0846407 wp-block-columns-is-layout-flex\">\n<div class=\"wp-block-column is-layout-flow wp-block-column-is-layout-flow\">\n<figure class=\"wp-block-image size-full\"><img decoding=\"async\" src=\"https:\/\/dotcompatterns.files.wordpress.com\/2024\/01\/paint-tall-alt.jpg\" alt=\"\" class=\"wp-image-13707\" style=\"aspect-ratio:3\/4;object-fit:cover\" \/><\/figure>\n\n\n\n<h3 class=\"wp-block-heading has-text-align-center has-medium-font-size\">\u00dcr\u00fcn kategorisi<\/h3>\n<\/div>\n\n\n\n<div class=\"wp-block-column is-layout-flow wp-block-column-is-layout-flow\">\n<figure class=\"wp-block-image size-full\"><img decoding=\"async\" src=\"https:\/\/dotcompatterns.files.wordpress.com\/2024\/01\/paint-tall.jpg\" alt=\"\" class=\"wp-image-13699\" style=\"aspect-ratio:3\/4;object-fit:cover\" \/><\/figure>\n\n\n\n<h3 class=\"wp-block-heading has-text-align-center has-medium-font-size\">\u00dcr\u00fcn kategorisi<\/h3>\n<\/div>\n\n\n\n<div class=\"wp-block-column is-layout-flow wp-block-column-is-layout-flow\">\n<figure class=\"wp-block-image size-full\"><img decoding=\"async\" src=\"https:\/\/dotcompatterns.files.wordpress.com\/2024\/01\/paint-tall-alt.jpg\" alt=\"\" class=\"wp-image-13707\" style=\"aspect-ratio:3\/4;object-fit:cover\" \/><\/figure>\n\n\n\n<h3 class=\"wp-block-heading has-text-align-center has-medium-font-size\">\u00dcr\u00fcn kategorisi<\/h3>\n<\/div>\n<\/div>\n\n\n\n<div style=\"height:var(--wp--preset--spacing--30)\" aria-hidden=\"true\" class=\"wp-block-spacer\"><\/div>\n<\/div>\n\n\n\n<div class=\"wp-block-group alignfull is-content-justification-center is-layout-constrained wp-container-core-group-is-layout-df757ecc wp-block-group-is-layout-constrained\" style=\"margin-top:0;margin-bottom:0;padding-top:calc( 0.5 * var(--wp--style--root--padding-right, var(--wp--custom--gap--horizontal)));padding-right:var(--wp--style--root--padding-right, var(--wp--custom--gap--horizontal));padding-bottom:calc( 0.5 * var(--wp--style--root--padding-right, var(--wp--custom--gap--horizontal)));padding-left:var(--wp--style--root--padding-left, var(--wp--custom--gap--horizontal))\">\n<div style=\"height:calc( 0.25 * var(--wp--style--root--padding-right, var(--wp--custom--gap--horizontal)))\" aria-hidden=\"true\" class=\"wp-block-spacer\"><\/div>\n\n\n\n<div class=\"wp-block-columns alignwide are-vertically-aligned-center is-layout-flex wp-container-core-columns-is-layout-28f84493 wp-block-columns-is-layout-flex\">\n<div class=\"wp-block-column is-vertically-aligned-center is-layout-flow wp-block-column-is-layout-flow\">\n<figure class=\"wp-block-image size-full\"><img decoding=\"async\" src=\"https:\/\/dotcompatterns.files.wordpress.com\/2024\/01\/paint-tall-alt.jpg\" alt=\"\" class=\"wp-image-13707\" style=\"aspect-ratio:1;object-fit:cover\" \/><\/figure>\n<\/div>\n\n\n\n<div class=\"wp-block-column is-vertically-aligned-center is-layout-flow wp-block-column-is-layout-flow\">\n<h2 class=\"wp-block-heading alignwide\">\u00dcr\u00fcn<\/h2>\n\n\n\n<p>$40.00<\/p>\n\n\n\n<p>Hayat\u0131n karma\u015f\u0131k dokusunda gezinirken, se\u00e7imler ola\u011fan\u00fcst\u00fc olana giden yollar\u0131 a\u00e7ar ve ger\u00e7ekten tatmin edici bir yolculuk i\u00e7in yarat\u0131c\u0131l\u0131k, merak ve cesaret gerektirir.<\/p>\n\n\n\n<div style=\"height:var(--wp--preset--spacing--10)\" aria-hidden=\"true\" class=\"wp-block-spacer\"><\/div>\n\n\n\n<div class=\"wp-block-buttons is-layout-flex wp-block-buttons-is-layout-flex\"><div class=\"wp-block-button\"><a class=\"wp-block-button__link wp-element-button\">\u015eimdi Al\u0131\u015fveri\u015f Yap\u0131n<\/a><\/div><\/div>\n<\/div>\n<\/div>\n\n\n\n<div style=\"height:calc( 0.25 * var(--wp--style--root--padding-right, var(--wp--custom--gap--horizontal)))\" aria-hidden=\"true\" class=\"wp-block-spacer\"><\/div>\n<\/div>\n\n\n\n<div class=\"wp-block-group alignfull is-content-justification-center is-layout-constrained wp-container-core-group-is-layout-45e9c112 wp-block-group-is-layout-constrained\" style=\"margin-top:0;margin-bottom:0;padding-top:calc( 0.5 * var(--wp--style--root--padding-right, var(--wp--custom--gap--horizontal)));padding-right:var(--wp--style--root--padding-right, var(--wp--custom--gap--horizontal));padding-bottom:calc( 0.5 * var(--wp--style--root--padding-right, var(--wp--custom--gap--horizontal)));padding-left:var(--wp--style--root--padding-left, var(--wp--custom--gap--horizontal))\">\n<div style=\"height:calc( 0.25 * var(--wp--style--root--padding-right, var(--wp--custom--gap--horizontal)))\" aria-hidden=\"true\" class=\"wp-block-spacer\"><\/div>\n\n\n\n<div class=\"wp-block-group alignwide is-layout-constrained wp-block-group-is-layout-constrained\">\n<h2 class=\"wp-block-heading alignwide has-text-align-center\">Yorumlar<\/h2>\n<\/div>\n\n\n\n<div style=\"height:var(--wp--preset--spacing--20)\" aria-hidden=\"true\" class=\"wp-block-spacer\"><\/div>\n\n\n\n<div class=\"wp-block-columns alignwide is-layout-flex wp-container-core-columns-is-layout-d0846407 wp-block-columns-is-layout-flex\">\n<div class=\"wp-block-column is-layout-flow wp-block-column-is-layout-flow\" style=\"padding-top:0;padding-right:var(--wp--preset--spacing--10);padding-bottom:0;padding-left:var(--wp--preset--spacing--10)\">\n<div class=\"wp-block-group is-content-justification-center is-layout-constrained wp-container-core-group-is-layout-bcb729ef wp-block-group-is-layout-constrained\">\n<p class=\"has-text-align-center\">\u201cWordPress y\u00f6neticisi olarak g\u00f6reve ba\u015flamak, sezgisel aray\u00fcz\u00fc, medya y\u00f6netimi, g\u00fcvenli\u011fi ve eklenti entegrasyonu sayesinde web sitesi y\u00f6netimini \u00e7ocuk oyunca\u011f\u0131 haline getiren bir keyif oldu.\u201d<\/p>\n\n\n\n<div style=\"height:0\" aria-hidden=\"true\" class=\"wp-block-spacer\"><\/div>\n\n\n\n<div class=\"wp-block-group is-vertical is-content-justification-center is-nowrap is-layout-flex wp-container-core-group-is-layout-64246d41 wp-block-group-is-layout-flex\">\n<figure class=\"wp-block-image size-full is-resized has-custom-border\"><img decoding=\"async\" src=\"https:\/\/dotcompatterns.files.wordpress.com\/2024\/01\/paint-small.jpg\" alt=\"\" class=\"wp-image-13762\" style=\"border-radius:100px;aspect-ratio:1;object-fit:cover;width:48px\" \/><\/figure>\n\n\n\n<div class=\"wp-block-group is-layout-flow wp-container-core-group-is-layout-15eb98a8 wp-block-group-is-layout-flow\">\n<h3 class=\"wp-block-heading has-text-align-center has-small-font-size\" style=\"line-height:1\">Jayla H.<\/h3>\n\n\n\n<p class=\"has-text-align-center has-small-font-size\" style=\"line-height:1\">@wordpress<\/p>\n<\/div>\n<\/div>\n<\/div>\n<\/div>\n\n\n\n<div class=\"wp-block-column is-layout-flow wp-block-column-is-layout-flow\" style=\"padding-top:0;padding-right:var(--wp--preset--spacing--10);padding-bottom:0;padding-left:var(--wp--preset--spacing--10)\">\n<div class=\"wp-block-group is-content-justification-center is-layout-constrained wp-container-core-group-is-layout-bcb729ef wp-block-group-is-layout-constrained\">\n<p class=\"has-text-align-center\">\u201cWordPress y\u00f6neticisi olarak g\u00f6reve ba\u015flamak, sezgisel aray\u00fcz\u00fc, medya y\u00f6netimi, g\u00fcvenli\u011fi ve eklenti entegrasyonu sayesinde web sitesi y\u00f6netimini \u00e7ocuk oyunca\u011f\u0131 haline getiren bir keyif oldu.\u201d<\/p>\n\n\n\n<div style=\"height:0\" aria-hidden=\"true\" class=\"wp-block-spacer\"><\/div>\n\n\n\n<div class=\"wp-block-group is-vertical is-content-justification-center is-nowrap is-layout-flex wp-container-core-group-is-layout-64246d41 wp-block-group-is-layout-flex\">\n<figure class=\"wp-block-image size-full is-resized has-custom-border\"><img decoding=\"async\" src=\"https:\/\/dotcompatterns.files.wordpress.com\/2024\/01\/paint-small.jpg\" alt=\"\" class=\"wp-image-13762\" style=\"border-radius:100px;aspect-ratio:1;object-fit:cover;width:48px\" \/><\/figure>\n\n\n\n<div class=\"wp-block-group is-layout-flow wp-container-core-group-is-layout-15eb98a8 wp-block-group-is-layout-flow\">\n<h4 class=\"wp-block-heading has-text-align-center has-small-font-size\" style=\"line-height:1\">Hope D.<\/h4>\n\n\n\n<p class=\"has-text-align-center has-small-font-size\" style=\"line-height:1\">@wordpress<\/p>\n<\/div>\n<\/div>\n<\/div>\n<\/div>\n<\/div>\n\n\n\n<div style=\"height:calc( 0.25 * var(--wp--style--root--padding-right, var(--wp--custom--gap--horizontal)))\" aria-hidden=\"true\" class=\"wp-block-spacer\"><\/div>\n<\/div>","protected":false},"excerpt":{"rendered":"<p>Store Welcome to a world of limitless possibilities, where the journey is as exhilarating as the destination, and where every moment is an opportunity to make your mark on the canvas of existence. The only limit is the extent of your imagination. Product category Product category Product category Product category Product category Product category Product [&hellip;]<\/p>\n","protected":false},"author":249214822,"featured_media":0,"parent":0,"menu_order":0,"comment_status":"closed","ping_status":"closed","template":"","meta":{"_acf_changed":false,"footnotes":""},"class_list":["post-79","page","type-page","status-publish","hentry"],"acf":[],"_links":{"self":[{"href":"https:\/\/kfa2.com\/tr\/wp-json\/wp\/v2\/pages\/79","targetHints":{"allow":["GET"]}}],"collection":[{"href":"https:\/\/kfa2.com\/tr\/wp-json\/wp\/v2\/pages"}],"about":[{"href":"https:\/\/kfa2.com\/tr\/wp-json\/wp\/v2\/types\/page"}],"author":[{"embeddable":true,"href":"https:\/\/kfa2.com\/tr\/wp-json\/wp\/v2\/users\/249214822"}],"replies":[{"embeddable":true,"href":"https:\/\/kfa2.com\/tr\/wp-json\/wp\/v2\/comments?post=79"}],"version-history":[{"count":0,"href":"https:\/\/kfa2.com\/tr\/wp-json\/wp\/v2\/pages\/79\/revisions"}],"wp:attachment":[{"href":"https:\/\/kfa2.com\/tr\/wp-json\/wp\/v2\/media?parent=79"}],"curies":[{"name":"wp","href":"https:\/\/api.w.org\/{rel}","templated":true}]}}